{"id":582,"date":"2020-06-24T06:38:38","date_gmt":"2020-06-24T06:38:38","guid":{"rendered":"http:\/\/localhost\/seoico\/?page_id=582"},"modified":"2025-06-06T14:20:30","modified_gmt":"2025-06-06T14:20:30","slug":"nosotros","status":"publish","type":"page","link":"https:\/\/navarromdt.com\/index.php\/nosotros\/","title":{"rendered":"Nosotros"},"content":{"rendered":"\t\t<div data-elementor-type=\"wp-page\" data-elementor-id=\"582\" class=\"elementor elementor-582\">\n\t\t\t\t\t\t<section class=\"elementor-section elementor-top-section elementor-element elementor-element-2eaf2ad elementor-section-boxed elementor-section-height-default elementor-section-height-default\" data-id=\"2eaf2ad\" data-element_type=\"section\">\n\t\t\t\t\t\t<div class=\"elementor-container elementor-column-gap-default\">\n\t\t\t\t\t<div class=\"elementor-column elementor-col-100 elementor-top-column elementor-element elementor-element-1babaaa\" data-id=\"1babaaa\" data-element_type=\"column\">\n\t\t\t<div class=\"elementor-widget-wrap elementor-element-populated\">\n\t\t\t\t\t\t<div class=\"elementor-element elementor-element-490b87b themex-star-rating--align-left elementor-widget elementor-widget-witr_section_about\" data-id=\"490b87b\" data-element_type=\"widget\" data-widget_type=\"witr_section_about.default\">\n\t\t\t\t<div class=\"elementor-widget-container\">\n\t\t\t\t\t\t\t\n\t\t<div class=\"witr_about_area\">\n\t\t\t<div class=\"row\">\n                <div class=\"col-lg-5 col-md-12 col-sm-12\">\n\t\t\t\t<!-- image -->\n\t\t\t\t                    <div class=\"witr_about_image text-center\">\n                    <img decoding=\"async\" src=\"https:\/\/navarromdt.com\/web\/wp-content\/uploads\/2025\/06\/El-poder-de-maquinaria-pesada-en-excavaciones-de-tierra.jpg\" alt=\"\" \/>\n                    <\/div> <!-- digital img -->\t\t\t\t\t\n\t\t\t\t\t\t\t\t\t\n\t\t\t\t\t\n                <\/div>\t\t\t\n\t\t\t\n\t\t\t\t<div class=\"col-lg-7 col-md-12 col-sm-12\">\n                    <div class=\"witr_about_content\">\n\t\t\t\t\t\t<!-- title top -->\n\t\t\t\t\t\t\t\t\t\t\t\t\t<h2>Qui\u00e9nes Somos<\/h2>\t\t\n\t\t\t\t\t\t\t\t\t\t\t\t<!-- title middle -->\n\t\t\t\t\t\t\t\t\t\t\t\t<!-- title bottom -->\n\t\t\t\t\t\t\t\t\t\t\t\t<!-- content -->\n\t\t\t\t\t\t\t\t\t\t\t\t\t<p><p>NavarroMDT es una empresa dedicada al movimiento de tierra, especializada en servicios como excavaciones, transporte de \u00e1ridos y preparaci\u00f3n de sitios para la construcci\u00f3n. Nos enfocamos en ofrecer soluciones eficientes y personalizadas a nuestros clientes. La empresa fue fundada con la visi\u00f3n de transformar el sector de la construcci\u00f3n, brindando un servicio integral que cubriera las necesidades de terrenos y excavaciones en la regi\u00f3n.<\/p><p>A lo largo de los a\u00f1os, hemos servido a una amplia gama de clientes, desde particulares hasta grandes empresas constructoras, estableciendo relaciones de confianza y satisfacci\u00f3n mutua.<\/p><\/p>\t\n\t\t\t\t\t\t\t\n\t\t\t\t\t\t<!-- button -->\n\t\t\t\t\t\t\t\t\t\t\t\t\t\n                    <\/div>\n\t\t\t\t<\/div>\n\t\t\t<\/div>\n\n\t\t<\/div>\t\t\n\t\t\n\t\n\t\t\t\t\t\t<\/div>\n\t\t\t\t<\/div>\n\t\t\t\t\t<\/div>\n\t\t<\/div>\n\t\t\t\t\t<\/div>\n\t\t<\/section>\n\t\t\t\t<section class=\"elementor-section elementor-top-section elementor-element elementor-element-8179798 elementor-section-full_width elementor-section-height-default elementor-section-height-default\" data-id=\"8179798\" data-element_type=\"section\" data-settings=\"{&quot;background_background&quot;:&quot;classic&quot;}\">\n\t\t\t\t\t\t\t<div class=\"elementor-background-overlay\"><\/div>\n\t\t\t\t\t\t\t<div class=\"elementor-container elementor-column-gap-default\">\n\t\t\t\t\t<div class=\"elementor-column elementor-col-100 elementor-top-column elementor-element elementor-element-f96a6f2\" data-id=\"f96a6f2\" data-element_type=\"column\">\n\t\t\t<div class=\"elementor-widget-wrap elementor-element-populated\">\n\t\t\t\t\t\t<div class=\"elementor-element elementor-element-782a0a2 elementor-widget elementor-widget-witr_section_title\" data-id=\"782a0a2\" data-element_type=\"widget\" data-widget_type=\"witr_section_title.default\">\n\t\t\t\t<div class=\"elementor-widget-container\">\n\t\t\t\t\t\t\t\t\t\t<!-- title center -->\n\t\t\t\t\t<div class=\"witr_section_title\">\n\t\t\t\t\t\t<div class=\"witr_section_title_inner text-center\">\n\t\t\t\t\t\t\n\t\t\t\t\t\t\t<!--<div class=\"witr_title_lines\"><span class=\"witr_line_shaps\"><span class=\"witr_shape_dv\">Divider <i aria-hidden=\"true\" class=\"fas fa-star\"><\/i><\/span><\/span><\/div>-->\n\t\t\t\t\t\t\t<!-- icon position -->\n\t\t\t\t\t\t\t\t\n\t\t\t\t\t\t\t<!-- end icon position -->\n\t\t\t\t\t\t\t\n\t\t\t\t\t\t\n\t\t\t\t\t\t\t<!-- title top -->\n\t\t\t\t\t\t\t\n\n\t\t\t\t\t\t\t<!-- icon position -->\n\t\t\t\t\t\t\t\t\n\t\t\t\t\t\t\t<!-- end icon position -->\n\n\n\t\t\t\t\t\t\t\n\t\t\t\t\t\t\t<!-- title middle -->\n\t\t\t\t\t\t\t\t\t\t\t\t\t\t\t<h3>Nuestros Valores<\/h3>\t\t\n\t\t\t\t\t\t\t\t\t\t\t\t\t\t<!-- title bottom -->\n\t\t\t\t\t\t\t\n\t\t\t\t\t\t\t\n\t\t\t\t\t\t\t\n\t\t\t\t\t\t\t\t\t\t\t\t\t\t\n\t\t\t\t\t\t\t<!-- image -->\n\t\t\t\t\t\t\t\t\t\t\t\t\t\t<!-- icon -->\n\t\t\t\t\t\t\t\t\t\t\t\t\t\t\n\t\t\t\t\t\t\t<!-- bar -->\n\t\t\t\t\t\t\t\n\t\t\t\t\t\t\t\n\t\t\t\t\t\t\t\t\n\t\t\t\t\t\t\t\n\n\t\t\t\t\t\t\t\n\t\t\t\t\t\t\t<!-- content -->\n\t\t\t\t\t\t\t\t\t\t\t\t\t\t\n\t\t\t\t\t\t<\/div>\n\t\t\t\t\t\t\t<!-- inner title -->\n\t\t\t\t\t\t\t\t\t\t\t\t\t\n\t\t\t\t\t<\/div>\n\n\t\t\t\t\t\t\t\t<\/div>\n\t\t\t\t<\/div>\n\t\t<div class=\"elementor-element elementor-element-98eb38d e-grid e-con-full e-con e-parent\" data-id=\"98eb38d\" data-element_type=\"container\">\n\t\t\t\t<div class=\"elementor-element elementor-element-c5bc22c elementor-align-left elementor-icon-list--layout-traditional elementor-list-item-link-full_width elementor-widget elementor-widget-icon-list\" data-id=\"c5bc22c\" data-element_type=\"widget\" data-widget_type=\"icon-list.default\">\n\t\t\t\t<div class=\"elementor-widget-container\">\n\t\t\t\t\t\t\t<ul class=\"elementor-icon-list-items\">\n\t\t\t\t\t\t\t<li class=\"elementor-icon-list-item\">\n\t\t\t\t\t\t\t\t\t\t\t<span class=\"elementor-icon-list-icon\">\n\t\t\t\t\t\t\t<i aria-hidden=\"true\" class=\"fas fa-chevron-circle-right\"><\/i>\t\t\t\t\t\t<\/span>\n\t\t\t\t\t\t\t\t\t\t<span class=\"elementor-icon-list-text\"><b>Compromiso con el Cliente<\/span>\n\t\t\t\t\t\t\t\t\t<\/li>\n\t\t\t\t\t\t\t\t<li class=\"elementor-icon-list-item\">\n\t\t\t\t\t\t\t\t\t\t\t<span class=\"elementor-icon-list-icon\">\n\t\t\t\t\t\t\t<i aria-hidden=\"true\" class=\"fas fa-chevron-circle-right\"><\/i>\t\t\t\t\t\t<\/span>\n\t\t\t\t\t\t\t\t\t\t<span class=\"elementor-icon-list-text\"><b>Seguridad en cada Paso<\/span>\n\t\t\t\t\t\t\t\t\t<\/li>\n\t\t\t\t\t\t\t\t<li class=\"elementor-icon-list-item\">\n\t\t\t\t\t\t\t\t\t\t\t<span class=\"elementor-icon-list-icon\">\n\t\t\t\t\t\t\t<i aria-hidden=\"true\" class=\"fas fa-chevron-circle-right\"><\/i>\t\t\t\t\t\t<\/span>\n\t\t\t\t\t\t\t\t\t\t<span class=\"elementor-icon-list-text\"><b>Transparencia y Honestidad<\/span>\n\t\t\t\t\t\t\t\t\t<\/li>\n\t\t\t\t\t\t<\/ul>\n\t\t\t\t\t\t<\/div>\n\t\t\t\t<\/div>\n\t\t\t\t<div class=\"elementor-element elementor-element-71e6111 elementor-align-left elementor-icon-list--layout-traditional elementor-list-item-link-full_width elementor-widget elementor-widget-icon-list\" data-id=\"71e6111\" data-element_type=\"widget\" data-widget_type=\"icon-list.default\">\n\t\t\t\t<div class=\"elementor-widget-container\">\n\t\t\t\t\t\t\t<ul class=\"elementor-icon-list-items\">\n\t\t\t\t\t\t\t<li class=\"elementor-icon-list-item\">\n\t\t\t\t\t\t\t\t\t\t\t<span class=\"elementor-icon-list-icon\">\n\t\t\t\t\t\t\t<i aria-hidden=\"true\" class=\"fas fa-chevron-circle-right\"><\/i>\t\t\t\t\t\t<\/span>\n\t\t\t\t\t\t\t\t\t\t<span class=\"elementor-icon-list-text\"><b>Calidad en los Resultados<\/b><\/span>\n\t\t\t\t\t\t\t\t\t<\/li>\n\t\t\t\t\t\t\t\t<li class=\"elementor-icon-list-item\">\n\t\t\t\t\t\t\t\t\t\t\t<span class=\"elementor-icon-list-icon\">\n\t\t\t\t\t\t\t<i aria-hidden=\"true\" class=\"fas fa-chevron-circle-right\"><\/i>\t\t\t\t\t\t<\/span>\n\t\t\t\t\t\t\t\t\t\t<span class=\"elementor-icon-list-text\"><b>Eficiencia Operativa<\/b><\/span>\n\t\t\t\t\t\t\t\t\t<\/li>\n\t\t\t\t\t\t\t\t<li class=\"elementor-icon-list-item\">\n\t\t\t\t\t\t\t\t\t\t\t<span class=\"elementor-icon-list-icon\">\n\t\t\t\t\t\t\t<i aria-hidden=\"true\" class=\"fas fa-chevron-circle-right\"><\/i>\t\t\t\t\t\t<\/span>\n\t\t\t\t\t\t\t\t\t\t<span class=\"elementor-icon-list-text\"><b>Atenci\u00f3n al Detalle<\/b><\/span>\n\t\t\t\t\t\t\t\t\t<\/li>\n\t\t\t\t\t\t<\/ul>\n\t\t\t\t\t\t<\/div>\n\t\t\t\t<\/div>\n\t\t\t\t<\/div>\n\t\t\t\t\t<\/div>\n\t\t<\/div>\n\t\t\t\t\t<\/div>\n\t\t<\/section>\n\t\t\t\t<section class=\"elementor-section elementor-top-section elementor-element elementor-element-5f8dc79 elementor-section-boxed elementor-section-height-default elementor-section-height-default\" data-id=\"5f8dc79\" data-element_type=\"section\" data-settings=\"{&quot;animation&quot;:&quot;none&quot;}\">\n\t\t\t\t\t\t<div class=\"elementor-container elementor-column-gap-default\">\n\t\t\t\t\t<div class=\"elementor-column elementor-col-100 elementor-top-column elementor-element elementor-element-aefacfc\" data-id=\"aefacfc\" data-element_type=\"column\">\n\t\t\t<div class=\"elementor-widget-wrap elementor-element-populated\">\n\t\t\t\t\t\t<section class=\"elementor-section elementor-inner-section elementor-element elementor-element-db9e465 elementor-section-boxed elementor-section-height-default elementor-section-height-default\" data-id=\"db9e465\" data-element_type=\"section\">\n\t\t\t\t\t\t<div class=\"elementor-container elementor-column-gap-default\">\n\t\t\t\t\t<div class=\"elementor-column elementor-col-50 elementor-inner-column elementor-element elementor-element-cbc84e1\" data-id=\"cbc84e1\" data-element_type=\"column\">\n\t\t\t<div class=\"elementor-widget-wrap elementor-element-populated\">\n\t\t\t\t\t\t<div class=\"elementor-element elementor-element-3a25e39 elementor-widget elementor-widget-witr_section_title\" data-id=\"3a25e39\" data-element_type=\"widget\" data-widget_type=\"witr_section_title.default\">\n\t\t\t\t<div class=\"elementor-widget-container\">\n\t\t\t\t\t\t\t\t\t\t<!-- title left -->\n\t\t\t\t\t<div class=\"witr_section_title\">\n\t\t\t\t\t\t<div class=\"witr_section_title_inner text-left\">\n\t\t\t\t\t\t\n\t\t\t\t\t\t\t<!-- icon position -->\n\t\t\t\t\t\t\t\t\n\t\t\t\t\t\t\t<!-- end icon position -->\n\t\t\t\t\t\t\n\t\t\t\t\t\t\n\t\t\t\t\t\t\t<!-- title top -->\n\t\t\t\t\t\t\t\n\t\t\t\t\t\t\t<!-- icon position -->\n\t\t\t\t\t\t\t\t\n\t\t\t\t\t\t\t<!-- end icon position -->\n\n\t\t\t\t\t\t\t\n\t\t\t\t\t\t\t<!-- title middle -->\n\t\t\t\t\t\t\t\t\t\t\t\t\t\t\t<h3>Nuestros Datos nos Respaldan<\/h3>\t\t\n\t\t\t\t\t\t\t\t\t\t\t\t\t\t<!-- title bottom -->\n\t\t\t\t\t\t\t\t\t\t\t\t\t\t\n\t\t\t\t\t\t\t<!-- icon position -->\n\t\t\t\t\t\t\t\t\t\t\t\t\t\t\n\t\t\t\t\t\t\t<!-- image -->\n\t\t\t\t\t\t\t\t\t\t\t\t\t\t<!-- icon -->\n\t\t\t\t\t\t\t\t\t\t\t\t\t\t\n\t\t\t\t\t\t\t<!-- bar -->\n\t\t\t\t\t\t\t\n\t\t\t\t\t\t\t\n\t\t\t\t\t\t\t\t\n\t\t\t\t\t\t\t<!-- end icon position -->\n\n\t\t\t\t\t\t\t<!-- content -->\n\t\t\t\t\t\t\t\t\t\t\t\t\t<\/div>\n\t\t\t\t\t\t\t<!-- inner title -->\n\t\t\t\t\t\t\t\t\t\t\t\t\t\n\t\t\t\t\t<\/div>\t\t\t\t\n\t\t\t\t\t\t\t\t<\/div>\n\t\t\t\t<\/div>\n\t\t\t\t<div class=\"elementor-element elementor-element-5a4bb35 elementor-widget elementor-widget-text-editor\" data-id=\"5a4bb35\" data-element_type=\"widget\" data-widget_type=\"text-editor.default\">\n\t\t\t\t<div class=\"elementor-widget-container\">\n\t\t\t\t\t\t\t\t\t<p>La confianza y seguridad son clave para una buena relaci\u00f3n profesional.<\/p>\t\t\t\t\t\t\t\t<\/div>\n\t\t\t\t<\/div>\n\t\t\t\t<div class=\"elementor-element elementor-element-10ae8b2 elementor-widget elementor-widget-witr_progress_section\" data-id=\"10ae8b2\" data-element_type=\"widget\" data-widget_type=\"witr_progress_section.default\">\n\t\t\t\t<div class=\"elementor-widget-container\">\n\t\t\t\t\t\t\t<div class=\"witr_single_progress all_color_bar\">\n\t\t\t<div class=\"witr_title5\">\n\t\t\t\t\t\t\t\t\t<span class=\"witr_label\">Experiencia T\u00e9cnica <\/span>\t\n\t\t\t\t\t\t\t<\/div>\t\t\n\t\t\t<div class=\"progress witr_progress-style5\">\n\t\t\t\t<div class=\"progress-bar wow fadeInLeft animated\" data-wow-duration=\"2s\" data-wow-delay=\"0.5s\" style=\"width:99%\">\n\t\t\t\t\t<span class=\"witr_percent\">99%<\/span>\t\t\t\t\t\n\t\t\t    <\/div>\n\t\t\t<\/div>\t\t\t\t\n\t\t<\/div>\t\t\t\t\n\t\t\n\n        \n\t\t\t\t\t<\/div>\n\t\t\t\t<\/div>\n\t\t\t\t<div class=\"elementor-element elementor-element-0b6b58e elementor-widget elementor-widget-witr_progress_section\" data-id=\"0b6b58e\" data-element_type=\"widget\" data-widget_type=\"witr_progress_section.default\">\n\t\t\t\t<div class=\"elementor-widget-container\">\n\t\t\t\t\t\t\t<div class=\"witr_single_progress all_color_bar\">\n\t\t\t<div class=\"witr_title5\">\n\t\t\t\t\t\t\t\t\t<span class=\"witr_label\">Clientes Satisfechos <\/span>\t\n\t\t\t\t\t\t\t<\/div>\t\t\n\t\t\t<div class=\"progress witr_progress-style5\">\n\t\t\t\t<div class=\"progress-bar wow fadeInLeft animated\" data-wow-duration=\"2.5s\" data-wow-delay=\"1s\" style=\"width:99%\">\n\t\t\t\t\t<span class=\"witr_percent\">99%<\/span>\t\t\t\t\t\n\t\t\t    <\/div>\n\t\t\t<\/div>\t\t\t\t\n\t\t<\/div>\t\t\t\t\n\t\t\n\n        \n\t\t\t\t\t<\/div>\n\t\t\t\t<\/div>\n\t\t\t\t<div class=\"elementor-element elementor-element-b0bd91e elementor-widget elementor-widget-witr_progress_section\" data-id=\"b0bd91e\" data-element_type=\"widget\" data-widget_type=\"witr_progress_section.default\">\n\t\t\t\t<div class=\"elementor-widget-container\">\n\t\t\t\t\t\t\t<div class=\"witr_single_progress all_color_bar\">\n\t\t\t<div class=\"witr_title5\">\n\t\t\t\t\t\t\t\t\t<span class=\"witr_label\">Recomendaciones por Clientes <\/span>\t\n\t\t\t\t\t\t\t<\/div>\t\t\n\t\t\t<div class=\"progress witr_progress-style5\">\n\t\t\t\t<div class=\"progress-bar wow fadeInLeft animated\" data-wow-duration=\"3s\" data-wow-delay=\"1.5s\" style=\"width:99%\">\n\t\t\t\t\t<span class=\"witr_percent\">99%<\/span>\t\t\t\t\t\n\t\t\t    <\/div>\n\t\t\t<\/div>\t\t\t\t\n\t\t<\/div>\t\t\t\t\n\t\t\n\n        \n\t\t\t\t\t<\/div>\n\t\t\t\t<\/div>\n\t\t\t\t\t<\/div>\n\t\t<\/div>\n\t\t\t\t<div class=\"elementor-column elementor-col-50 elementor-inner-column elementor-element elementor-element-faf2bf1\" data-id=\"faf2bf1\" data-element_type=\"column\">\n\t\t\t<div class=\"elementor-widget-wrap elementor-element-populated\">\n\t\t\t\t\t\t<div class=\"elementor-element elementor-element-52d74e0 elementor-widget elementor-widget-image\" data-id=\"52d74e0\" data-element_type=\"widget\" data-widget_type=\"image.default\">\n\t\t\t\t<div class=\"elementor-widget-container\">\n\t\t\t\t\t\t\t\t\t\t\t\t\t\t\t<img fetchpriority=\"high\" decoding=\"async\" width=\"1024\" height=\"679\" src=\"https:\/\/navarromdt.com\/wp-content\/uploads\/2025\/06\/excavadora-en-accion-1024x679.jpg\" class=\"attachment-large size-large wp-image-4519\" alt=\"\" srcset=\"https:\/\/navarromdt.com\/wp-content\/uploads\/2025\/06\/excavadora-en-accion-1024x679.jpg 1024w, https:\/\/navarromdt.com\/wp-content\/uploads\/2025\/06\/excavadora-en-accion-300x199.jpg 300w, https:\/\/navarromdt.com\/wp-content\/uploads\/2025\/06\/excavadora-en-accion-768x509.jpg 768w, https:\/\/navarromdt.com\/wp-content\/uploads\/2025\/06\/excavadora-en-accion-1536x1019.jpg 1536w, https:\/\/navarromdt.com\/wp-content\/uploads\/2025\/06\/excavadora-en-accion-2048x1358.jpg 2048w\" sizes=\"(max-width: 1024px) 100vw, 1024px\" \/>\t\t\t\t\t\t\t\t\t\t\t\t\t\t\t<\/div>\n\t\t\t\t<\/div>\n\t\t\t\t\t<\/div>\n\t\t<\/div>\n\t\t\t\t\t<\/div>\n\t\t<\/section>\n\t\t\t\t\t<\/div>\n\t\t<\/div>\n\t\t\t\t\t<\/div>\n\t\t<\/section>\n\t\t\t\t<\/div>\n\t\t","protected":false},"excerpt":{"rendered":"<p>Qui\u00e9nes Somos NavarroMDT es una empresa dedicada al movimiento de tierra, especializada en servicios como excavaciones, transporte de \u00e1ridos y preparaci\u00f3n de sitios para la construcci\u00f3n. Nos enfocamos en ofrecer soluciones eficientes y personalizadas a nuestros clientes. La empresa fue fundada con la visi\u00f3n de transformar el sector de la construcci\u00f3n, brindando un servicio integral [&hellip;]<\/p>\n","protected":false},"author":2,"featured_media":0,"parent":0,"menu_order":0,"comment_status":"closed","ping_status":"closed","template":"template-home.php","meta":{"footnotes":""},"class_list":["post-582","page","type-page","status-publish","hentry"],"_links":{"self":[{"href":"https:\/\/navarromdt.com\/index.php\/wp-json\/wp\/v2\/pages\/582","targetHints":{"allow":["GET"]}}],"collection":[{"href":"https:\/\/navarromdt.com\/index.php\/wp-json\/wp\/v2\/pages"}],"about":[{"href":"https:\/\/navarromdt.com\/index.php\/wp-json\/wp\/v2\/types\/page"}],"author":[{"embeddable":true,"href":"https:\/\/navarromdt.com\/index.php\/wp-json\/wp\/v2\/users\/2"}],"replies":[{"embeddable":true,"href":"https:\/\/navarromdt.com\/index.php\/wp-json\/wp\/v2\/comments?post=582"}],"version-history":[{"count":140,"href":"https:\/\/navarromdt.com\/index.php\/wp-json\/wp\/v2\/pages\/582\/revisions"}],"predecessor-version":[{"id":4804,"href":"https:\/\/navarromdt.com\/index.php\/wp-json\/wp\/v2\/pages\/582\/revisions\/4804"}],"wp:attachment":[{"href":"https:\/\/navarromdt.com\/index.php\/wp-json\/wp\/v2\/media?parent=582"}],"curies":[{"name":"wp","href":"https:\/\/api.w.org\/{rel}","templated":true}]}}