{"id":4634,"date":"2025-06-05T11:49:46","date_gmt":"2025-06-05T11:49:46","guid":{"rendered":"https:\/\/navarromdt.com\/web\/?page_id=4634"},"modified":"2025-06-06T06:25:36","modified_gmt":"2025-06-06T06:25:36","slug":"privacidad","status":"publish","type":"page","link":"https:\/\/navarromdt.com\/index.php\/privacidad\/","title":{"rendered":"Pol\u00edtica de Privacidad"},"content":{"rendered":"\t\t<div data-elementor-type=\"wp-page\" data-elementor-id=\"4634\" class=\"elementor elementor-4634\">\n\t\t\t\t<div class=\"elementor-element elementor-element-a3382ba e-flex e-con-boxed e-con e-parent\" data-id=\"a3382ba\" data-element_type=\"container\">\n\t\t\t\t\t<div class=\"e-con-inner\">\n\t\t\t\t<div class=\"elementor-element elementor-element-b0f3969 elementor-widget elementor-widget-text-editor\" data-id=\"b0f3969\" data-element_type=\"widget\" data-widget_type=\"text-editor.default\">\n\t\t\t\t<div class=\"elementor-widget-container\">\n\t\t\t\t\t\t\t\t\t<p>POL\u00cdTICA DE PROTECCI\u00d3N DE LA INTIMIDAD DE CONTACTO NAVARRO MOVIMIENTOS DE TIERRA S.L.U.<\/p><p>Mediante este aviso, la NAVARRO MOVIMIENTOS DE TIERRA S.L.U. con CIF: B90191024, domiciliada en Carretera Isla Menor, S\/n. 41703, Dos Hermanas (Sevilla) y con direcci\u00f3n de correo electr\u00f3nico administracion@navarromdt.com informa a los usuarios de su portal acerca de su pol\u00edtica de protecci\u00f3n de datos de car\u00e1cter personal para que los Usuarios determinen libre y voluntariamente si desean facilitar a NAVARRO MOVIMIENTOS DE TIERRA los Datos Personales que se les puedan requerir o que se puedan obtener de los Usuarios con ocasi\u00f3n de la suscripci\u00f3n o alta en algunos de los servicios ofrecidos por NAVARRO MOVIMIENTOS DE TIERRA S.L.U. en el Portal o a trav\u00e9s del Portal. NAVARRO MOVIMIENTOS DE TIERRA S.L.U. se reserva el derecho a modificar la presente pol\u00edtica para adaptarla a novedades legislativas o jurisprudenciales as\u00ed como a pr\u00e1cticas de la industria. En dichos supuestos, NAVARRO MOVIMIENTOS DE TIERRA S.L.U. anunciar\u00e1 en esta p\u00e1gina los cambios introducidos con razonable antelaci\u00f3n a su puesta en pr\u00e1ctica.<\/p><p>Registro de ficheros y formularios<\/p><p>Cl\u00e1usula Informativa \u2013 Segunda capa<\/p><p>Informaci\u00f3n Adicional sobre Protecci\u00f3n de Datos<\/p><p>1 ::: Secci\u00f3n contacto<\/p><p>\u25ba \u00bfQui\u00e9n es el Responsable del tratamiento de sus datos?<\/p><p>Identidad: NAVARRO MOVIMIENTOS DE TIERRA S.L.U. con CIF: B90191024<\/p><p>Dir. postal: Carretera Isla Menor, S\/n. 41703, Dos Hermanas (Sevilla)<\/p><p>Tel\u00e9fono: 640 03 89 59<\/p><p>Correo elect: administracion@navarromdt.com<\/p><p>\u25ba \u00bfCon qu\u00e9 finalidad tratamos sus datos personales?<\/p><p>\u2022 Tratamos sus datos para responder a su consulta\/solicitud y gestionar el tipo de relaci\u00f3n que mantiene con nosotros.<\/p><p>\u2022 Prestaci\u00f3n del servicio de informaci\u00f3n acerca de las novedades del sector mediante circulares informativas enviadas por correo electr\u00f3nico o correo postal.<\/p><p>\u2022 Sus datos ser\u00e1n conservados mientras usted mantenga su consentimiento para esta finalidad.<\/p><p>\u2022 Sus datos de contacto utilizados para el env\u00edo de informaci\u00f3n ser\u00e1n conservados mientras usted mantenga su consentimiento para esta finalidad.<\/p><p>\u2022 No se tomar\u00e1n decisiones individuales automatizadas.<\/p><p>\u25ba \u00bfCu\u00e1l es la legitimaci\u00f3n para el tratamiento de sus datos?<\/p><p>Tratamos sus datos en base a su consentimiento del interesado para responder a su consulta\/solicitud y para el env\u00edo de informaci\u00f3n sobre NAVARRO MOVIMIENTOS DE TIERRA S.L.U..<\/p><p>En caso de no facilitar sus datos ser\u00eda imposible establecer ninguna relaci\u00f3n de contacto entre las partes.<\/p><p>\u25ba \u00bfA qu\u00e9 destinatarios se comunicar\u00e1n sus datos?<\/p><p>No se ceden datos a terceros, salvo a aquellas administraciones p\u00fablicas que lo soliciten en virtud de disposici\u00f3n legal.<\/p><p>No se realizar\u00e1n transferencias internacionales de datos.<\/p><p>\u25ba \u00bfCu\u00e1les son sus derechos cuando nos facilita sus datos?<\/p><p>Las personas interesadas tienen derecho a obtener confirmaci\u00f3n sobre si estamos tratando datos personales que les concierne, o no.<\/p><p>Las personas interesadas tienen derecho a acceder a sus datos personales, as\u00ed como a solicitar la rectificaci\u00f3n de los datos inexactos o, en su caso, solicitar su supresi\u00f3n cuando, entre otros motivos, los datos ya no sean necesarios para los fines que fueron recogidos.<\/p><p>Las personas interesadas tienen derecho a revocar o retirar el consentimiento otorgado para el tratamiento de sus datos para finalidades espec\u00edficas en cualquier momento.<\/p><p>En determinadas circunstancias y por motivos relacionados con su situaci\u00f3n particular, las personas interesadas podr\u00e1n oponerse al tratamiento de sus datos o a parte de estos, en cuyo caso dejaremos de tratar los datos, salvo para el cumplimiento de alguna obligaci\u00f3n legal.<\/p><p>En determinadas circunstancias, las personas interesadas podr\u00e1n solicitar la limitaci\u00f3n del tratamiento de sus datos, en cuyo caso \u00fanicamente los conservaremos para el ejercicio o la defensa de reclamaciones y para el cumplimiento de alguna obligaci\u00f3n legal.<\/p><p>En determinadas circunstancias (cuando el tratamiento se realice por medios automatizados y este se base en el consentimiento de las personas interesadas), las personas interesadas podr\u00e1n solicitar la portabilidad de sus datos para que estos sean transmitidos a otro responsable.<\/p><p>Las personas interesadas pueden ejercer sus derechos dirigiendo un escrito al Responsable del Tratamiento en la direcci\u00f3n Carretera Isla Menor, S\/n. 41703, Dos Hermanas (Sevilla). administracion@navarromdt.com, pudiendo obtener modelos para este ejercicio en www.agpd.es<\/p><p>Las personas interesadas disponen de la posibilidad presentar una reclamaci\u00f3n cuando no hayan obtenido satisfacci\u00f3n en el ejercicio de sus derechos ante la Agencia Espa\u00f1ola de Protecci\u00f3n de Datos (www.agpd.es). As\u00ed mismo, las personas interesadas pueden obtener informaci\u00f3n adicional acerca de sus derechos dirigi\u00e9ndose a la Agencia Espa\u00f1ola de Protecci\u00f3n de Datos (www.agpd.es).<\/p><p>3 ::: Facturas-Clientes\u00a0<\/p><p>\u25ba \u00bfQui\u00e9n es el Responsable del tratamiento de sus datos?<\/p><p>Identidad: NAVARRO MOVIMIENTOS DE TIERRA S.L.U. con CIF: B90191024<\/p><p>Dir. postal: Carretera Isla Menor, S\/n. 41703, Dos Hermanas (Sevilla)<\/p><p>Tel\u00e9fono: 640 03 89 59<\/p><p>Correo elect: administracion@navarromdt.com<\/p><p>\u25ba \u00bfCon qu\u00e9 finalidad tratamos sus datos personales?<\/p><p>Tratamos sus datos para realizar la gesti\u00f3n de los servicios contratados, realizar la gesti\u00f3n fiscal y administrativa de nuestros clientes.<\/p><p>Sus datos ser\u00e1n conservados durante el tiempo que durante la relaci\u00f3n contractual entre las partes y durante el periodo de tiempo legalmente establecido por la legislaci\u00f3n tributaria y mercantil.<\/p><p>No se tomar\u00e1n decisiones individuales automatizadas ni se elaborar\u00e1n perfiles.<\/p><p>\u25ba \u00bfCu\u00e1l es la legitimaci\u00f3n para el tratamiento de sus datos?<\/p><p>Tratamos sus datos personales en base al contrato mercantil establecido entre las partes y con la finalidad de gesti\u00f3n de los servicios incluidos en dicho contrato. En caso de no facilitar sus datos ser\u00eda imposible establecer ninguna relaci\u00f3n comercial entre las partes.<\/p><p>\u25ba \u00bfA qu\u00e9 destinatarios se comunicar\u00e1n sus datos?<\/p><p>Los datos no ser\u00e1n comunicados a terceros. Podr\u00e1n cederse datos a aqu\u00e9llas Administraciones P\u00fablicas que lo requieran en virtud de disposici\u00f3n legal<\/p><p>No se realizar\u00e1n transferencias internacionales de datos.<\/p><p>\u25ba \u00bfCu\u00e1les son sus derechos cuando nos facilita sus datos?<\/p><p>Las personas interesadas tienen derecho a obtener confirmaci\u00f3n sobre si estamos tratando datos personales que les concierne, o no.<\/p><p>Las personas interesadas tienen derecho a acceder a sus datos personales, as\u00ed como a solicitar la rectificaci\u00f3n de los datos inexactos o, en su caso, solicitar su supresi\u00f3n cuando, entre otros motivos, los datos ya no sean necesarios para los fines que fueron recogidos.<\/p><p>Las personas interesadas tienen derecho a revocar o retirar el consentimiento otorgado para el tratamiento de sus datos para finalidades espec\u00edficas en cualquier momento.<\/p><p>En determinadas circunstancias y por motivos relacionados con su situaci\u00f3n particular, las personas interesadas podr\u00e1n oponerse al tratamiento de sus datos o a parte de estos, en cuyo caso dejaremos de tratar los datos, salvo para el cumplimiento de alguna obligaci\u00f3n legal.<\/p><p>En determinadas circunstancias, las personas interesadas podr\u00e1n solicitar la limitaci\u00f3n del tratamiento de sus datos, en cuyo caso \u00fanicamente los conservaremos para el ejercicio o la defensa de reclamaciones y para el cumplimiento de alguna obligaci\u00f3n legal.<\/p><p>En determinadas circunstancias (cuando el tratamiento se realice por medios automatizados y este se base en el consentimiento de las personas interesadas), las personas interesadas podr\u00e1n solicitar la portabilidad de sus datos para que estos sean transmitidos a otro responsable.<\/p><p>Las personas interesadas pueden ejercer sus derechos dirigiendo un escrito al Responsable del Tratamiento en la direcci\u00f3n Carretera Isla Menor, S\/n. 41703, Dos Hermanas (Sevilla), pudiendo obtener modelos para este ejercicio en www.agpd.es<\/p><p>Las personas interesadas disponen de la posibilidad presentar una reclamaci\u00f3n cuando no hayan obtenido satisfacci\u00f3n en el ejercicio de sus derechos ante la Agencia Espa\u00f1ola de Protecci\u00f3n de Datos (www.agpd.es). As\u00ed mismo, las personas interesadas pueden obtener informaci\u00f3n adicional acerca de sus derechos dirigi\u00e9ndose a la Agencia Espa\u00f1ola de Protecci\u00f3n de Datos (www.agpd.es).<\/p><p>4 ::: Email\u00a0<\/p><p>\u25ba \u00bfQui\u00e9n es el Responsable del tratamiento de sus datos?<\/p><p>Identidad: NAVARRO MOVIMIENTOS DE TIERRA S.L.U. con CIF: B90191024<\/p><p>Dir. postal: Carretera Isla Menor, S\/n. 41703, Dos Hermanas (Sevilla)<\/p><p>Tel\u00e9fono: 640 03 89 59<\/p><p>Correo elect: administracion@navarromdt.com<\/p><p>\u25ba \u00bfCon qu\u00e9 finalidad tratamos sus datos personales?<\/p><p>Tratamos sus datos para responder a su consulta\/solicitud\/sugerencia y gestionar el tipo de relaci\u00f3n que mantiene con nosotros. Sus datos de contactos ser\u00e1n conservados mientras usted mantenga el consentimiento para esta finalidad.<\/p><p>\u25ba \u00bfCu\u00e1l es la legitimaci\u00f3n para el tratamiento de sus datos?<\/p><p>Tratamos sus datos personales en base a su consentimiento para responder a su consulta\/solicitud y sugerencia. En caso de no facilitar sus datos ser\u00eda imposible mantener relaci\u00f3n con usted.<\/p><p>\u25ba \u00bfA qu\u00e9 destinatarios se comunicar\u00e1n sus datos?<\/p><p>Sus datos no ser\u00e1n comunicados a terceros salvo a aquellas Administraciones p\u00fablicas en virtud de requerimiento legal.<\/p><p>No se realizar\u00e1n transferencias internacionales de datos.<\/p><p>\u25ba \u00bfCu\u00e1les son sus derechos cuando nos facilita sus datos?<\/p><p>Las personas interesadas tienen derecho a obtener confirmaci\u00f3n sobre si estamos tratando datos personales que les concierne, o no.<\/p><p>Las personas interesadas tienen derecho a acceder a sus datos personales, as\u00ed como a solicitar la rectificaci\u00f3n de los datos inexactos o, en su caso, solicitar su supresi\u00f3n cuando, entre otros motivos, los datos ya no sean necesarios para los fines que fueron recogidos.<\/p><p>Las personas interesadas tienen derecho a revocar o retirar el consentimiento otorgado para el tratamiento de sus datos para finalidades espec\u00edficas en cualquier momento.<\/p><p>En determinadas circunstancias y por motivos relacionados con su situaci\u00f3n particular, las personas interesadas podr\u00e1n oponerse al tratamiento de sus datos o a parte de estos, en cuyo caso dejaremos de tratar los datos, salvo para el cumplimiento de alguna obligaci\u00f3n legal.<\/p><p>En determinadas circunstancias, las personas interesadas podr\u00e1n solicitar la limitaci\u00f3n del tratamiento de sus datos, en cuyo caso \u00fanicamente los conservaremos para el ejercicio o la defensa de reclamaciones y para el cumplimiento de alguna obligaci\u00f3n legal.<\/p><p>En determinadas circunstancias (cuando el tratamiento se realice por medios automatizados y este se base en el consentimiento de las personas interesadas), las personas interesadas podr\u00e1n solicitar la portabilidad de sus datos para que estos sean transmitidos a otro responsable.<\/p><p>Las personas interesadas pueden ejercer sus derechos dirigiendo un escrito al Responsable del Tratamiento en la direcci\u00f3n Carretera Isla Menor, S\/n. 41703, Dos Hermanas (Sevilla), pudiendo obtener modelos para este ejercicio en www.agpd.es<\/p><p>Las personas interesadas disponen de la posibilidad presentar una reclamaci\u00f3n cuando no hayan obtenido satisfacci\u00f3n en el ejercicio de sus derechos ante la Agencia Espa\u00f1ola de Protecci\u00f3n de Datos (www.agpd.es). As\u00ed mismo, las personas interesadas pueden obtener informaci\u00f3n adicional acerca de sus derechos dirigi\u00e9ndose a la Agencia Espa\u00f1ola de Protecci\u00f3n de Datos (www.agpd.es).<\/p><p>NAVARRO MOVIMIENTOS DE TIERRA S.L.U. proporciona a los Usuarios los recursos t\u00e9cnicos adecuados para que, con car\u00e1cter previo, puedan acceder a este aviso sobre la Pol\u00edtica de Privacidad o a cualquier otra informaci\u00f3n relevante y puedan prestar NAVARRO MOVIMIENTOS DE TIERRA S.L.U. su consentimiento a fin de que NAVARRO MOVIMIENTOS DE TIERRA S.L.U. proceda al tratamiento automatizado de sus Datos Personales. Salvo en los campos en que se indique lo contrario, las respuestas a las preguntas sobre Datos Personales son voluntarias, sin que la falta de contestaci\u00f3n implique una merma en la calidad o cantidad de los servicios correspondientes, a menos que se indique otra cosa.<\/p><p>:: Finalidades<\/p><p>La finalidad a la que se destinar\u00e1 los datos personales que nos facilite est\u00e1 claramente definida en el apartado anterior para cada una de nuestras secciones susceptibles de recogida de datos.<\/p><p>:: Ejercicio de derechos<\/p><p>El ejercicio de sus derechos queda claramente definido en el apartado anterior para cada una de nuestras secciones susceptibles de recogida de datos.<\/p><p>:: Exactitud y veracidad de los datos facilitados<\/p><p>Los usuarios garantizan y responden, en cualquier caso, de la exactitud, vigencia y autenticidad de los datos personales facilitados, y se comprometen a mantenerlos debidamente actualizados.<\/p><p>Los Usuarios tienen reconocidos, y podr\u00e1n ejercitar, los derechos de acceso, cancelaci\u00f3n, rectificaci\u00f3n, oposici\u00f3n, limitaci\u00f3n en el tratamiento y portabilidad, as\u00ed como tienen reconocido el derecho a ser informados de las cesiones realizadas contactando con NAVARRO MOVIMIENTOS DE TIERRA S.L.U. a trav\u00e9s del correo electr\u00f3nico administracion@navarromdt.com<\/p><p>NAVARRO MOVIMIENTOS DE TIERRA S.L.U. no responde de la veracidad de las informaciones que no sean de elaboraci\u00f3n propia y de las que se indique otra fuente, por lo que tampoco asume responsabilidad alguna en cuanto a hipot\u00e9ticos perjuicios que pudieran originarse por el uso de dicha informaci\u00f3n.<\/p><p>NAVARRO MOVIMIENTOS DE TIERRA S.L.U. se reserva el derecho a actualizar, modificar o eliminar la informaci\u00f3n contenida en sus p\u00e1ginas Web pudiendo incluso limitar o no permitir el acceso a dicha informaci\u00f3n<\/p><p class=\"o_default_snippet_text\">Se exonera a NAVARRO MOVIMIENTOS DE TIERRA S.L.U. de responsabilidad ante cualquier da\u00f1o o perjuicio que pudiera sufrir el Usuario como consecuencia de errores, defectos u omisiones, en la informaci\u00f3n facilitada por NAVARRO MOVIMIENTOS DE TIERRA S.L.U. siempre que proceda de fuentes ajenas a NAVARRO MOVIMIENTOS DE TIERRA S.L.U.<\/p>\t\t\t\t\t\t\t\t<\/div>\n\t\t\t\t<\/div>\n\t\t\t\t\t<\/div>\n\t\t\t\t<\/div>\n\t\t\t\t<\/div>\n\t\t","protected":false},"excerpt":{"rendered":"<p>POL\u00cdTICA DE PROTECCI\u00d3N DE LA INTIMIDAD DE CONTACTO NAVARRO MOVIMIENTOS DE TIERRA S.L.U. Mediante este aviso, la NAVARRO MOVIMIENTOS DE TIERRA S.L.U. con CIF: B90191024, domiciliada en Carretera Isla Menor, S\/n. 41703, Dos Hermanas (Sevilla) y con direcci\u00f3n de correo electr\u00f3nico administracion@navarromdt.com informa a los usuarios de su portal acerca de su pol\u00edtica de protecci\u00f3n [&hellip;]<\/p>\n","protected":false},"author":2,"featured_media":0,"parent":0,"menu_order":0,"comment_status":"closed","ping_status":"closed","template":"","meta":{"footnotes":""},"class_list":["post-4634","page","type-page","status-publish","hentry"],"_links":{"self":[{"href":"https:\/\/navarromdt.com\/index.php\/wp-json\/wp\/v2\/pages\/4634","targetHints":{"allow":["GET"]}}],"collection":[{"href":"https:\/\/navarromdt.com\/index.php\/wp-json\/wp\/v2\/pages"}],"about":[{"href":"https:\/\/navarromdt.com\/index.php\/wp-json\/wp\/v2\/types\/page"}],"author":[{"embeddable":true,"href":"https:\/\/navarromdt.com\/index.php\/wp-json\/wp\/v2\/users\/2"}],"replies":[{"embeddable":true,"href":"https:\/\/navarromdt.com\/index.php\/wp-json\/wp\/v2\/comments?post=4634"}],"version-history":[{"count":16,"href":"https:\/\/navarromdt.com\/index.php\/wp-json\/wp\/v2\/pages\/4634\/revisions"}],"predecessor-version":[{"id":4667,"href":"https:\/\/navarromdt.com\/index.php\/wp-json\/wp\/v2\/pages\/4634\/revisions\/4667"}],"wp:attachment":[{"href":"https:\/\/navarromdt.com\/index.php\/wp-json\/wp\/v2\/media?parent=4634"}],"curies":[{"name":"wp","href":"https:\/\/api.w.org\/{rel}","templated":true}]}}