{"id":4605,"date":"2025-06-05T10:29:50","date_gmt":"2025-06-05T10:29:50","guid":{"rendered":"https:\/\/navarromdt.com\/web\/?page_id=4605"},"modified":"2025-06-06T07:52:40","modified_gmt":"2025-06-06T07:52:40","slug":"legal","status":"publish","type":"page","link":"https:\/\/navarromdt.com\/index.php\/legal\/","title":{"rendered":"Aviso Legal"},"content":{"rendered":"\t\t<div data-elementor-type=\"wp-page\" data-elementor-id=\"4605\" class=\"elementor elementor-4605\">\n\t\t\t\t<div class=\"elementor-element elementor-element-505dc1d e-flex e-con-boxed e-con e-parent\" data-id=\"505dc1d\" data-element_type=\"container\">\n\t\t\t\t\t<div class=\"e-con-inner\">\n\t\t\t\t<div class=\"elementor-element elementor-element-81e6e4b elementor-widget elementor-widget-text-editor\" data-id=\"81e6e4b\" data-element_type=\"widget\" data-widget_type=\"text-editor.default\">\n\t\t\t\t<div class=\"elementor-widget-container\">\n\t\t\t\t\t\t\t\t\t<p>En cumplimiento con el deber de informaci\u00f3n recogido en art\u00edculo 10 de la Ley 34\/2002, de 11 de julio, de Servicios de la Sociedad de la Informaci\u00f3n y del Comercio Electr\u00f3nico (LSSICE), el propietario de la web , le informa de lo siguiente:<\/p><p>\u2022 Denominaci\u00f3n social: Navarro Movimientos De Tierra S.L.<br \/>\u2022 NIF: B90191024<br \/>\u2022 Domicilio: Carretera Isla Menor, S\/n. 41703, Dos Hermanas (Sevilla)<\/p><p>Con los l\u00edmites establecidos en la ley, Navarro Movimientos De Tierra S.L. no asume ninguna responsabilidad derivada de la falta de veracidad, integridad, actualizaci\u00f3n y precisi\u00f3n de los datos o informaciones que contienen sus p\u00e1ginas web.<\/p><p>Los contenidos e informaci\u00f3n no vinculan a Navarro Movimientos De Tierra S.L. ni constituyen opiniones, consejos o asesoramiento legal de ning\u00fan tipo pues se trata meramente de un servicio ofrecido con car\u00e1cter informativo y divulgativo.<\/p><p>\u00a0<\/p><h3 class=\"o_default_snippet_text\">Condiciones Legales<\/h3><h3 data-start=\"908\" data-end=\"921\">1. Objeto<\/h3><p data-start=\"923\" data-end=\"1202\">El presente aviso legal regula el uso del sitio web <a class=\"\" href=\"http:\/\/navarromdt.com\/web\" target=\"_new\" rel=\"noopener\" data-start=\"975\" data-end=\"1007\">navarromdt.com<\/a> (en adelante, \u201cel sitio web\u201d), que la empresa Navarro Movimientos de Tierra S.L. pone a disposici\u00f3n de los usuarios de Internet con el fin de ofrecer informaci\u00f3n sobre sus productos y servicios.<\/p><hr data-start=\"1204\" data-end=\"1207\" \/><h4 data-start=\"1209\" data-end=\"1234\">2. Condiciones de uso<\/h4><p data-start=\"1236\" data-end=\"1410\">El acceso y navegaci\u00f3n en este sitio web atribuye la condici\u00f3n de usuario e implica la aceptaci\u00f3n plena y sin reservas de todas las condiciones incluidas en este Aviso Legal.<\/p><p data-start=\"1412\" data-end=\"1790\">El usuario se compromete a hacer un uso adecuado del sitio web conforme a la legislaci\u00f3n vigente, la buena fe, el orden p\u00fablico, los usos del tr\u00e1fico y el presente Aviso Legal. El usuario responder\u00e1 frente a Navarro Movimientos de Tierra S.L. o frente a terceros, de cualesquiera da\u00f1os y perjuicios que pudieran causarse como consecuencia del incumplimiento de dicha obligaci\u00f3n.<\/p><p>Asimismo, para acceder a algunos de los servicios que Navarro Movimientos De Tierra S.L. ofrece a trav\u00e9s del sitio web, deber\u00e1 proporcionar algunos datos de car\u00e1cter personal. En cumplimiento de lo establecido en el Reglamento (UE) 2016\/679 del Parlamento Europeo y del Consejo, de 27 de abril de 2016, relativo a la protecci\u00f3n de las personas f\u00edsicas en lo que respecta al tratamiento de datos personales y a la libre circulaci\u00f3n de estos datos le informamos que, mediante la cumplimentaci\u00f3n de los presentes formularios, sus datos personales quedar\u00e1n incorporados y ser\u00e1n tratados en los ficheros de Navarro Movimientos De Tierra S.L. con el fin de poderle prestar y ofrecer nuestros servicios as\u00ed como para informarle de las mejoras del sitio Web.<\/p><p>Le informamos tambi\u00e9n de que tendr\u00e1 la posibilidad en todo momento de ejercer los derechos de acceso, rectificaci\u00f3n, cancelaci\u00f3n, oposici\u00f3n, limitaci\u00f3n y portabilidad de sus datos de car\u00e1cter personal, de manera gratuita mediante email a:\u00a0<a href=\"http:\/\/navarromdt.com\/web\">admininstracion@navarromdt.com<\/a> o en la direcci\u00f3n: Carretera Isla Menor, S\/n. 41703, Dos Hermanas (Sevilla).<\/p><hr data-start=\"1792\" data-end=\"1795\" \/><h4 data-start=\"1797\" data-end=\"1838\">3. Propiedad intelectual e industrial<\/h4><p data-start=\"1840\" data-end=\"2278\">Los textos, im\u00e1genes, sonidos, animaciones, software y el resto de contenidos incluidos en este website son propiedad exclusiva de Navarro Movimientos De Tierra S.L. o sus licenciantes. Cualquier acto de transmisi\u00f3n, distribuci\u00f3n, cesi\u00f3n, reproducci\u00f3n, almacenamiento o comunicaci\u00f3n p\u00fablica total o parcial, deber\u00e1 contar con el consentimiento expreso de Navarro Movimientos De Tierra S.L.<\/p><hr data-start=\"2280\" data-end=\"2283\" \/><h4 data-start=\"2285\" data-end=\"2307\">4. Responsabilidad<\/h4><p data-start=\"2309\" data-end=\"2743\">Navarro Movimientos de Tierra S.L. no se responsabiliza del mal uso que se realice de los contenidos del sitio web, siendo exclusiva responsabilidad del usuario que accede a los mismos o los utiliza. Tampoco se hace responsable de los posibles errores de seguridad ni de los da\u00f1os que puedan causarse al sistema inform\u00e1tico del usuario (hardware y software) como consecuencia de la presencia de virus o cualquier otro tipo de malware.<\/p><hr data-start=\"2745\" data-end=\"2748\" \/><h4 data-start=\"2750\" data-end=\"2764\">5. Enlaces<\/h4><p data-start=\"2766\" data-end=\"3085\">Las p\u00e1ginas de Internet de Navarro Movimientos De Tierra S.L. pueden contener enlaces (links) a otras p\u00e1ginas de terceras partes que Navarro Movimientos De Tierra S.L. no puede controlar. Por lo tanto, Navarro Movimientos De Tierra S.L. no puede asumir responsabilidades por el contenido que pueda aparecer en p\u00e1ginas de terceros.<\/p><hr data-start=\"3087\" data-end=\"3090\" \/><h4 data-start=\"3092\" data-end=\"3113\">6. Modificaciones<\/h4><p data-start=\"3115\" data-end=\"3369\">Navarro Movimientos de Tierra S.L. se reserva el derecho de efectuar, sin previo aviso, las modificaciones que considere oportunas en el sitio web, pudiendo cambiar, suprimir o a\u00f1adir tanto los contenidos como los servicios que se presten a trav\u00e9s de \u00e9l.<\/p><hr data-start=\"3371\" data-end=\"3374\" \/><h4 data-start=\"3376\" data-end=\"3419\">7. Legislaci\u00f3n aplicable y jurisdicci\u00f3n<\/h4><p data-start=\"3421\" data-end=\"3743\">El presente Aviso Legal se rige por la legislaci\u00f3n espa\u00f1ola. Para la resoluci\u00f3n de cualquier controversia o conflicto relacionado con el presente sitio web, las partes se someten a los juzgados y tribunales del domicilio social de Navarro Movimientos de Tierra S.L., salvo que la normativa vigente establezca lo contrario.<\/p>\t\t\t\t\t\t\t\t<\/div>\n\t\t\t\t<\/div>\n\t\t\t\t\t<\/div>\n\t\t\t\t<\/div>\n\t\t\t\t<\/div>\n\t\t","protected":false},"excerpt":{"rendered":"<p>En cumplimiento con el deber de informaci\u00f3n recogido en art\u00edculo 10 de la Ley 34\/2002, de 11 de julio, de Servicios de la Sociedad de la Informaci\u00f3n y del Comercio Electr\u00f3nico (LSSICE), el propietario de la web , le informa de lo siguiente: \u2022 Denominaci\u00f3n social: Navarro Movimientos De Tierra S.L.\u2022 NIF: B90191024\u2022 Domicilio: Carretera [&hellip;]<\/p>\n","protected":false},"author":2,"featured_media":0,"parent":0,"menu_order":0,"comment_status":"closed","ping_status":"closed","template":"","meta":{"footnotes":""},"class_list":["post-4605","page","type-page","status-publish","hentry"],"_links":{"self":[{"href":"https:\/\/navarromdt.com\/index.php\/wp-json\/wp\/v2\/pages\/4605","targetHints":{"allow":["GET"]}}],"collection":[{"href":"https:\/\/navarromdt.com\/index.php\/wp-json\/wp\/v2\/pages"}],"about":[{"href":"https:\/\/navarromdt.com\/index.php\/wp-json\/wp\/v2\/types\/page"}],"author":[{"embeddable":true,"href":"https:\/\/navarromdt.com\/index.php\/wp-json\/wp\/v2\/users\/2"}],"replies":[{"embeddable":true,"href":"https:\/\/navarromdt.com\/index.php\/wp-json\/wp\/v2\/comments?post=4605"}],"version-history":[{"count":19,"href":"https:\/\/navarromdt.com\/index.php\/wp-json\/wp\/v2\/pages\/4605\/revisions"}],"predecessor-version":[{"id":4679,"href":"https:\/\/navarromdt.com\/index.php\/wp-json\/wp\/v2\/pages\/4605\/revisions\/4679"}],"wp:attachment":[{"href":"https:\/\/navarromdt.com\/index.php\/wp-json\/wp\/v2\/media?parent=4605"}],"curies":[{"name":"wp","href":"https:\/\/api.w.org\/{rel}","templated":true}]}}